{"id":16333,"date":"2022-03-15T14:18:41","date_gmt":"2022-03-15T14:18:41","guid":{"rendered":"https:\/\/demo.oxygenehosting.com\/aerc\/?page_id=16333"},"modified":"2022-03-16T21:51:37","modified_gmt":"2022-03-16T21:51:37","slug":"projects","status":"publish","type":"page","link":"https:\/\/demo.oxygenehosting.com\/aerc\/projects\/","title":{"rendered":"Projects"},"content":{"rendered":"<h3>Projects and Research outputs<\/h3>\n<p>Other than the postgraduate training programmes, the training department also hosts several research projects with earmarked funding from regional and international partners.\u00a0 The research projects require mostly primary data from the region and are mostly undertaken by postgraduate students and members of the faculty within the network universities. Among some of these projects include:<\/p>\n<ul>\n<li><b>Dialogues on the Future of Work in the Global South <\/b><b>(<\/b><b>FoWiGS), 29th June &#8211; 1st July 2021<\/b><\/li>\n<\/ul>\n<p>In March 2021, Fundaci\u00f3n Centro de Implementaci\u00f3n de Pol\u00edticas P\u00fablicas para la Equidad y el Crecimiento (CIPPEC), and the African Economic Research Consortium (AERC) entered into an agreement to collaborate in implementing the Future of Work in the Global South (FoWiGS) project for the Sub-Saharan Africa region. The initiative is funded by the International Development Research Centre (IDRC) and managed by CIPPEC.<\/p>\n<p>FoWiGS aims at understanding the implications of technological change on jobs taking into account the specific contexts of developing countries and disadvantaged groups within these countries, and to influence policy towards a brighter future for workers in the emerging world.<\/p>\n<p>&nbsp;<\/p>\n<p><a class=\"btn-custom\" href=\"http:\/\/demo.oxygenehosting.com\/aerc\/wp-content\/uploads\/2022\/03\/Ongoing-Research-Activities.pdf\">Read More<\/a><\/p>\n","protected":false},"excerpt":{"rendered":"<p>Projects and Research outputs Other than the postgraduate training programmes, the training department also hosts several research projects with earmarked funding from regional and international partners.\u00a0 The research projects require mostly primary data from the region and are mostly undertaken by postgraduate students and members of the faculty within the network universities. Among some of [&hellip;]<\/p>\n","protected":false},"author":2,"featured_media":16368,"parent":0,"menu_order":0,"comment_status":"closed","ping_status":"closed","template":"research-template.php","meta":{"footnotes":""},"class_list":["post-16333","page","type-page","status-publish","has-post-thumbnail","hentry"],"_links":{"self":[{"href":"https:\/\/demo.oxygenehosting.com\/aerc\/wp-json\/wp\/v2\/pages\/16333","targetHints":{"allow":["GET"]}}],"collection":[{"href":"https:\/\/demo.oxygenehosting.com\/aerc\/wp-json\/wp\/v2\/pages"}],"about":[{"href":"https:\/\/demo.oxygenehosting.com\/aerc\/wp-json\/wp\/v2\/types\/page"}],"author":[{"embeddable":true,"href":"https:\/\/demo.oxygenehosting.com\/aerc\/wp-json\/wp\/v2\/users\/2"}],"replies":[{"embeddable":true,"href":"https:\/\/demo.oxygenehosting.com\/aerc\/wp-json\/wp\/v2\/comments?post=16333"}],"version-history":[{"count":7,"href":"https:\/\/demo.oxygenehosting.com\/aerc\/wp-json\/wp\/v2\/pages\/16333\/revisions"}],"predecessor-version":[{"id":16352,"href":"https:\/\/demo.oxygenehosting.com\/aerc\/wp-json\/wp\/v2\/pages\/16333\/revisions\/16352"}],"wp:featuredmedia":[{"embeddable":true,"href":"https:\/\/demo.oxygenehosting.com\/aerc\/wp-json\/wp\/v2\/media\/16368"}],"wp:attachment":[{"href":"https:\/\/demo.oxygenehosting.com\/aerc\/wp-json\/wp\/v2\/media?parent=16333"}],"curies":[{"name":"wp","href":"https:\/\/api.w.org\/{rel}","templated":true}]}}